{"id":285,"date":"2025-02-06T06:12:15","date_gmt":"2025-02-06T06:12:15","guid":{"rendered":"https:\/\/lapinyol.com\/servicios\/"},"modified":"2025-05-20T04:06:27","modified_gmt":"2025-05-20T04:06:27","slug":"servicios","status":"publish","type":"page","link":"https:\/\/lapinyol.com\/es\/servicios\/","title":{"rendered":"Servicios"},"content":{"rendered":"<section class=\"header_curvy1_30_1 background-1-light\" id=\"\" data-block-id=\"69fb39cbdb44869fb39cbdb449\" data-block-name=\"acf\/header-curvy1-30-1\" data-post-id=\"285\" data-stable-id=\"block_cc5023b572517d67c1eebafe1e937542\">\r\n    <div class=\"container\">\r\n        <div class=\"row\">\r\n            <div class=\"col\">\r\n                                <div class=\"subtitulo tamano6-boldcta color-1-headings-dark\">Educaci\u00f3n para todas las edades.<\/div>\r\n                                <h1 class=\"tamano1 color-1-headings-dark\">Explora<\/h1>\r\n            <\/div>\r\n        <\/div>\r\n    <\/div>\r\n<\/section>\r\n<style>\r\n    .header_curvy1_30_1 .col .subtitulo {\r\n        text-align: center;\r\n        padding-bottom: 25px;\r\n    }\r\n\r\n    .header_curvy1_30_1 .col h1 {\r\n        text-align: center;\r\n    }\r\n\r\n    .header_curvy1_30_1 .col {\r\n        max-width: 1230px;\r\n        margin: 0 auto;\r\n    }\r\n\r\n    .header_curvy1_30_1 {\r\n        padding: 200px 0 55px 0;\r\n    }\r\n\r\n    @media (max-width:1200px) {\r\n        .header_curvy1_30_1 {\r\n            padding: 120px 0 35px 0;\r\n        }\r\n    }\r\n\r\n    @media (max-width:768px) {\r\n        .header_curvy1_30_1 h1 {\r\n            line-height: var(--tamano3-line-height);\r\n        }\r\n\r\n        .header_curvy1_30_1 {\r\n            padding: 100px 0 40px;\r\n        }\r\n    }\r\n<\/style>\r\n\n\n<section class=\"services_curvy1_22_1 background-1-light\" id=\"\" data-block-id=\"69fb39cbdca5169fb39cbdca52\" data-block-name=\"acf\/services-curvy1-22-1\" data-post-id=\"285\" data-stable-id=\"block_4d382e1c58f5f911c866436a6116c328\">\r\n    <div class=\"container\">\r\n        <div class=\"row\">\r\n            <div class=\"col col-top\">\r\n                                            <\/div>\r\n        <\/div>\r\n    <\/div>\r\n    <div class=\"container\">\r\n        <div class=\"row\">\r\n            <div class=\"col col-servicios\">\r\n                <div class=\"servicios\">\r\n                                                                                                    <a href=\"https:\/\/lapinyol.com\/es\/servicios\/moixaines\/\" class=\"servicio-item\">\r\n                                <div class=\"imagen\" style=\"background-image: url('https:\/\/lapinyol.com\/wp-content\/uploads\/2025\/02\/Leonardo_Vision_XL_Diseo_de_imagen_elegante_y_educativa_Mostra_0.jpg');\"\r\n                                    aria-label=\"\"><\/div>\r\n                                <div class=\"mask\"><\/div>\r\n                                <div class=\"meta\">\r\n                                    <h3 class=\"tamano3 color-1-headings-dark\">MOIXAINES<\/h3>\r\n                                                                    <\/div>\r\n                            <\/a>\r\n                                                                                <a href=\"https:\/\/lapinyol.com\/es\/servicios\/moure-el-cervell\/\" class=\"servicio-item\">\r\n                                <div class=\"imagen\" style=\"background-image: url('https:\/\/lapinyol.com\/wp-content\/uploads\/2025\/02\/Leonardo_Vision_XL_Ilustracin_de_un_adulto_participando_en_un_0.jpg');\"\r\n                                    aria-label=\"\"><\/div>\r\n                                <div class=\"mask\"><\/div>\r\n                                <div class=\"meta\">\r\n                                    <h3 class=\"tamano3 color-1-headings-dark\">MOURE EL CERVELL<\/h3>\r\n                                                                        <div class=\"texto tamano7 color-1-body-dark\">\r\n                                        <p>La Pi\u00f1ol brilla en el \u00e1mbito educativo y de ocio, ofreciendo proyectos innovadores que van desde talleres de agilidad mental para adultos hasta cuentos para ni\u00f1os, y actividades inclusivas como &#8216;Moixaines&#8217;. Con un enfoque en el bienestar y la diversidad, somos l\u00edderes en educaci\u00f3n y recreaci\u00f3n.<\/p>\n                                    <\/div>\r\n                                                                    <\/div>\r\n                            <\/a>\r\n                                                                                <a href=\"https:\/\/lapinyol.com\/es\/servicios\/projectes-de-lleure-educatiu\/\" class=\"servicio-item\">\r\n                                <div class=\"imagen\" style=\"background-image: url('https:\/\/lapinyol.com\/wp-content\/uploads\/2025\/02\/Leonardo_Vision_XL_Disea_una_imagen_que_represente_la_esencia_0.jpg');\"\r\n                                    aria-label=\"\"><\/div>\r\n                                <div class=\"mask\"><\/div>\r\n                                <div class=\"meta\">\r\n                                    <h3 class=\"tamano3 color-1-headings-dark\">PROJECTES DE LLEURE EDUCATIU<\/h3>\r\n                                                                        <div class=\"texto tamano7 color-1-body-dark\">\r\n                                        <p>La Pi\u00f1ol crea proyectos educativos, gestiona casales de verano e impulsa &#8216;Moixaines&#8217;, un espacio para la diversidad en ocio. Ofrecemos talleres de agilidad mental, teatro y bienestar emocional para todas las edades. Descubre &#8216;Els contes de la Pi\u00f1ol&#8217;, una propuesta \u00fanica para el desarrollo integral.<\/p>\n                                    <\/div>\r\n                                                                    <\/div>\r\n                            <\/a>\r\n                                                                                <a href=\"https:\/\/lapinyol.com\/es\/servicios\/tallers-i-activitats\/\" class=\"servicio-item\">\r\n                                <div class=\"imagen\" style=\"background-image: url('https:\/\/lapinyol.com\/wp-content\/uploads\/2025\/02\/Leonardo_Vision_XL_Una_escena_elegante_y_educativa_con_un_fond_0.jpg');\"\r\n                                    aria-label=\"\"><\/div>\r\n                                <div class=\"mask\"><\/div>\r\n                                <div class=\"meta\">\r\n                                    <h3 class=\"tamano3 color-1-headings-dark\">TALLERS i ACTIVITATS<\/h3>\r\n                                                                        <div class=\"texto tamano7 color-1-body-dark\">\r\n                                        <p>La Pi\u00f1ol ofrece una diversidad de servicios educativos adaptados a todas las edades, incluyendo gesti\u00f3n de casales de verano, atenci\u00f3n a la diversidad en espacios de ocio, talleres de agilidad mental, y teatro. Fomentamos el bienestar emocional y la creatividad en j\u00f3venes a trav\u00e9s de proyectos innovadores y enriquecedores.<\/p>\n                                    <\/div>\r\n                                                                    <\/div>\r\n                            <\/a>\r\n                                                                                <a href=\"https:\/\/lapinyol.com\/es\/servicios\/benestar-emocional-per-a-joves\/\" class=\"servicio-item\">\r\n                                <div class=\"imagen\" style=\"background-image: url('https:\/\/lapinyol.com\/wp-content\/uploads\/2025\/02\/Leonardo_Vision_XL_Imagen_de_un_grupo_de_adolescentes_felices_0.jpg');\"\r\n                                    aria-label=\"\"><\/div>\r\n                                <div class=\"mask\"><\/div>\r\n                                <div class=\"meta\">\r\n                                    <h3 class=\"tamano3 color-1-headings-dark\">BENESTAR EMOCIONAL PER A JOVES<\/h3>\r\n                                                                        <div class=\"texto tamano7 color-1-body-dark\">\r\n                                        <p>La Pi\u00f1ol es pionera en educaci\u00f3n integral, brindando experiencias significativas a trav\u00e9s de nuestros variados proyectos: desde casales de verano hasta talleres de bienestar emocional para j\u00f3venes. Con un enfoque inclusivo y personalizado, potenciamos la diversidad y la creatividad en cada actividad.<\/p>\n                                    <\/div>\r\n                                                                    <\/div>\r\n                            <\/a>\r\n                                                                                <a href=\"https:\/\/lapinyol.com\/es\/servicios\/els-contes-de-la-pinol\/\" class=\"servicio-item\">\r\n                                <div class=\"imagen\" style=\"background-image: url('https:\/\/lapinyol.com\/wp-content\/uploads\/2025\/02\/Leonardo_Vision_XL_Un_cuentacuentos_en_un_entorno_acogedor_Una_0.jpg');\"\r\n                                    aria-label=\"\"><\/div>\r\n                                <div class=\"mask\"><\/div>\r\n                                <div class=\"meta\">\r\n                                    <h3 class=\"tamano3 color-1-headings-dark\">ELS CONTES DE LA PI\u00d1OL<\/h3>\r\n                                                                        <div class=\"texto tamano7 color-1-body-dark\">\r\n                                        <p>La Pi\u00f1ol se especializa en educaci\u00f3n y ocio, gestionando proyectos como casales de verano, talleres de agilidad mental y teatro para todas las edades. Adem\u00e1s, ofrece servicios de atenci\u00f3n a la diversidad y bienestar emocional, destac\u00e1ndose por su enfoque innovador y personalizado.<\/p>\n                                    <\/div>\r\n                                                                    <\/div>\r\n                            <\/a>\r\n                                                                                <a href=\"https:\/\/lapinyol.com\/es\/servicios\/tallers-i-xerrades-per-a-centres-i-entitats\/\" class=\"servicio-item\">\r\n                                <div class=\"imagen\" style=\"background-image: url('https:\/\/lapinyol.com\/wp-content\/dg-theme-addons\/services_curvy1_22-1\/\/521x668.jpg');\"\r\n                                    aria-label=\"\"><\/div>\r\n                                <div class=\"mask\"><\/div>\r\n                                <div class=\"meta\">\r\n                                    <h3 class=\"tamano3 color-1-headings-dark\">TALLERS I XERRADES PER A CENTRES I ENTITATS<\/h3>\r\n                                                                        <div class=\"texto tamano7 color-1-body-dark\">\r\n                                        <p>Quisque egestas eros id suscipit porttitor. Nullam hendrerit fermentum interdum. Donec non mi magna. Cras massa dolor, hendrerit id aliquam at, tempus nec libero. Fusce finibus eu nibh sed viverra. Suspendisse nec eleifend massa. Vivamus sit amet lorem turpis. Donec ullamcorper scelerisque purus, vitae accumsan quam varius nec.<\/p>\n                                    <\/div>\r\n                                                                    <\/div>\r\n                            <\/a>\r\n                                                            <\/div>\r\n            <\/div>\r\n        <\/div>\r\n    <\/div>\r\n\r\n<\/section>\r\n<style>\r\n    .services_curvy1_22_1 .servicio-item .texto {\r\n        transition: all ease .3s;\r\n        text-align: center;\r\n    }\r\n\r\n    .services_curvy1_22_1 .servicio-item h3 {\r\n        padding-bottom: 25px;\r\n        transition: all ease .3s;\r\n        text-align: center;\r\n    }\r\n\r\n    .services_curvy1_22_1 .servicio-item:hover .texto,\r\n    .services_curvy1_22_1 .servicio-item.hover .texto {\r\n        color: var(--color-2-headings-light);\r\n    }\r\n\r\n    .services_curvy1_22_1 .servicio-item:hover h3,\r\n    .services_curvy1_22_1 .servicio-item.hover h3 {\r\n        color: var(--background-1-light);\r\n    }\r\n\r\n    .services_curvy1_22_1 .servicio-item:hover .mask,\r\n    .services_curvy1_22_1 .servicio-item:hover .imagen,\r\n    .services_curvy1_22_1 .servicio-item.hover .mask,\r\n    .services_curvy1_22_1 .servicio-item.hover .imagen {\r\n        opacity: 1;\r\n        visibility: visible;\r\n    }\r\n\r\n    .services_curvy1_22_1 .servicio-item .mask {\r\n        background: rgba(43, 43, 43, 0.50);\r\n        position: absolute;\r\n        top: 0;\r\n        left: 0;\r\n        width: 100%;\r\n        height: 100%;\r\n        opacity: 0;\r\n        visibility: hidden;\r\n        border-radius: 30px;\r\n        transition: all ease .3s;\r\n    }\r\n\r\n     .services_curvy1_22_1 .servicio-item .imagen {\r\n        position: absolute;\r\n        top: 0;\r\n        left: 0;\r\n        width: 100%;\r\n        height: 100%;\r\n        opacity: 0;\r\n        background-position: center;\r\n        background-repeat: no-repeat;\r\n        background-size: cover;\r\n        visibility: hidden;\r\n        transition: all ease .3s;\r\n        border-radius: 30px;\r\n    }\r\n\r\n     .services_curvy1_22_1 .servicio-item .meta {\r\n        position: relative;\r\n    }\r\n\r\n    .services_curvy1_22_1 .servicio-item:not(:last-child)::after {\r\n        bottom: -8px;\r\n        width: calc(100% - 30px);\r\n        height: 1px;\r\n        left: 50%;\r\n        transform: translateX(-50%);\r\n        position: absolute;\r\n        background-color: var(--color-3-body-dark);\r\n        opacity: 0.5;\r\n        content: \"\";\r\n    }\r\n\r\n    .services_curvy1_22_1 .servicio-item:hover:not(:last-child)::after {\r\n        display: none;\r\n    }\r\n\r\n    .services_curvy1_22_1 .servicio-item {\r\n        position: relative;\r\n        position: relative;\r\n        display: block;\r\n        text-decoration: none;\r\n        border-radius: 30px;\r\n        transition: all ease .3s;\r\n        padding: 80px 90px 80px 90px;\r\n        margin-bottom: 15px;\r\n    }\r\n\r\n    .services_curvy1_22_1 .col-top {\r\n        max-width: 1079px;\r\n        margin: 0 auto;\r\n        padding-bottom: 70px;\r\n    }\r\n\r\n    .services_curvy1_22_1 h2 {\r\n        text-align: center;\r\n        padding-bottom: 25px;\r\n    }\r\n\r\n\r\n     .services_curvy1_22_1 {\r\n        padding: 80px 150px;\r\n    }\r\n\r\n    @media (max-width:1550px) {\r\n        .services_curvy1_22_1 {\r\n            padding: 80px 50px;\r\n        }\r\n    }\r\n\r\n    @media (max-width:1350px) {\r\n        .services_curvy1_22_1 {\r\n            padding: 80px 0;\r\n        }\r\n    }\r\n\r\n    @media (max-width:992px) {\r\n        .services_curvy1_22_1 .servicio-item {\r\n            padding-top: 100px;\r\n        }\r\n\r\n        .services_curvy1_22_1 {\r\n            padding: 40px 0;\r\n        }\r\n\r\n        .services_curvy1_22_1 .servicio-item h3 {\r\n            padding-bottom: 15px;\r\n        }\r\n\r\n        .services_curvy1_22_1 .col-top {\r\n            padding-bottom: 40px;\r\n        }\r\n\r\n    }\r\n\r\n    @media (max-width:768px) {\r\n        .services_curvy1_22_1 .servicio-item {\r\n            padding: 42px 30px;\r\n        }\r\n\r\n        .services_curvy1_22_1 .servicio-item h3 {\r\n            line-height: var(--tamano4-line-height);\r\n            font-size: var(--tamano5-font-size);\r\n        }\r\n    }\r\n<\/style>\r\n\n\n<section class=\"cta_curvy1_3_1_2 background-1-light\" id=\"\" data-block-id=\"69fb39cbe35f369fb39cbe35f4\" data-block-name=\"acf\/cta-curvy1-3-1-2\" data-post-id=\"285\" data-stable-id=\"block_5089edb529db556927e57e433db2bc77\">\r\n    <div class=\"container\">\r\n        <div class=\"row\">\r\n            <div class=\"col\">\r\n                <div class=\"inner background-1-dark\">\r\n                                        <div class=\"titulo\">\r\n                        <h2 class=\"tamano3 color-2-headings-light\">Descubre La Pi\u00f1ol<\/h2>\r\n                    <\/div>\r\n                                                            <div class=\"texto color-2-body-light tamano7\"><p>En La Pi\u00f1ol, ofrecemos proyectos educativos \u00fanicos, gestiones de casales y talleres que enriquecen el aprendizaje y bienestar emocional de todas las edades.<\/p>\n<\/div>\r\n                                                                <div class=\"ctas\">\r\n                                                            <a href=\"#\" target=\"\" class=\"btn-round tamano-7-mediumcta color-boton-3-texto-normal color-boton-3-texto-hover color-boton-3-normal color-boton-3-hover\">\r\n    \r\n    <span>M\u00e1s info<\/span>\r\n<\/a>\r\n\r\n<style>\r\n    .btn-border-rounded {\r\n        border-radius: 12px !important;\r\n    }\r\n\r\n    .btn-border-square {\r\n        border-radius: 0 !important;\r\n    }\r\n\r\n    \/* Estilos de hover *\/\r\n    .btn-hover-hover1:hover {\r\n        filter: contrast(0.55);\r\n    }\r\n\r\n    .btn-hover-hover2:hover {\r\n        filter: sepia(2);\r\n    }\r\n\r\n    \/* Estilos del icono cuando existe *\/\r\n    a i {\r\n        margin-right: 8px;\r\n        font-size: 16px;\r\n    }\r\n\r\n    \/* Icono Lucide *\/\r\n    .btn-icon--lucide {\r\n        display: inline-flex;\r\n        align-items: center;\r\n        justify-content: center;\r\n        margin-right: 8px;\r\n    }\r\n\r\n    .btn-icon--lucide svg {\r\n        width: 16px;\r\n        height: 16px;\r\n        display: block;\r\n    }\r\n<\/style>\r\n                                                    <\/div>\r\n                                    <\/div>\r\n            <\/div>\r\n        <\/div>\r\n    <\/div>\r\n<\/section>\r\n<style>\r\n    .cta_curvy1_3_1_2 .inner {\r\n        display: flex;\r\n        gap: 30px;\r\n        border-radius: 30px;\r\n        align-items: center;\r\n        padding: 55px 150px;\r\n        justify-content: space-between;\r\n    }\r\n\r\n     .cta_curvy1_3_1_2 .titulo {\r\n        max-width: 430px;\r\n        width: 100%;\r\n    }\r\n\r\n    .cta_curvy1_3_1_2 .texto {\r\n        max-width: 660px;\r\n        text-align: left;\r\n        width: 100%;\r\n    }\r\n\r\n    .cta_curvy1_3_1_2 {\r\n        padding: 80px 0;\r\n        position: relative;\r\n    }\r\n\r\n    .cta_curvy1_3_1_2 .btn-round {\r\n        border-radius: 60px;\r\n        padding: 15px 30px;\r\n        display: inline-block;\r\n        text-align: center;\r\n        transition: all ease .3s;\r\n        text-decoration: none;\r\n        min-width: 278px;\r\n        display: flex;\r\n        align-items: center;\r\n        justify-content: center;\r\n    }\r\n\r\n    @media (max-width:1750px) {\r\n        .cta_curvy1_3_1_2 .texto {\r\n            max-width: 500px;\r\n        }\r\n    }\r\n\r\n    @media (max-width:1600px) {\r\n        .cta_curvy1_3_1_2 .inner {\r\n            padding-left: 50px;\r\n            padding-right: 50px;\r\n        }\r\n    }\r\n\r\n    @media (max-width:1400px) {\r\n        .cta_curvy1_3_1_2 .texto {\r\n            max-width: 100%;\r\n        }\r\n\r\n        .cta_curvy1_3_1_2 .titulo {\r\n            width: 100%;\r\n        }\r\n    }\r\n\r\n    @media (max-width:1200px) {\r\n        .cta_curvy1_3_1_2 .inner {\r\n            padding-left: 15px;\r\n            padding-right: 15px;\r\n        }\r\n    }\r\n\r\n    @media (max-width:992px) {\r\n        .cta_curvy1_3_1_2 .col .inner {\r\n            border-radius: 30px;\r\n            flex-direction: column;\r\n            align-items: center;\r\n            justify-content: center;\r\n        }\r\n\r\n         .cta_curvy1_3_1_2 .col .inner>* {\r\n            width: 100%;\r\n            max-width: 100%;\r\n            text-align: left;\r\n        }\r\n\r\n        .cta_curvy1_3_1_2 .inner {\r\n            padding: 33px 23px;\r\n        }\r\n\r\n        .cta_curvy1_3_1_2 .col .ctas {\r\n            display: flex;\r\n            align-items: center;\r\n            justify-content: start;\r\n        }\r\n\r\n        .cta_curvy1_3_1_2 .col {\r\n            flex-direction: column;\r\n            justify-content: center;\r\n            align-items: center;\r\n        }\r\n\r\n        .cta_curvy1_3_1_2 {\r\n            padding: 40px 0;\r\n        }\r\n\r\n        .cta_curvy1_3_1_2 .btn-round {\r\n            min-width: 240px\r\n        }\r\n\r\n        .cta_curvy1_3_1_2 .titulo h2 {\r\n            line-height: var(--tamano5-line-height);\r\n        }\r\n    }\r\n<\/style>\r\n","protected":false},"excerpt":{"rendered":"","protected":false},"author":1,"featured_media":0,"parent":0,"menu_order":0,"comment_status":"closed","ping_status":"closed","template":"","meta":{"_acf_changed":false,"iawp_total_views":7,"footnotes":""},"class_list":["post-285","page","type-page","status-publish","hentry"],"acf":[],"yoast_head":"<!-- This site is optimized with the Yoast SEO plugin v27.5 - https:\/\/yoast.com\/product\/yoast-seo-wordpress\/ -->\n<title>La Pi\u00f1ol: Educaci\u00f3n y Ocio Innovador<\/title>\n<meta name=\"description\" content=\"Descubre La Pi\u00f1ol, donde transformamos el aprendizaje con casales de verano, talleres de agilidad mental y m\u00e1s, fomentando el bienestar emocional y la diversidad.\" \/>\n<meta name=\"robots\" content=\"noindex, follow, max-snippet:-1, max-image-preview:large, max-video-preview:-1\" \/>\n<meta property=\"og:locale\" content=\"es_ES\" \/>\n<meta property=\"og:type\" content=\"article\" \/>\n<meta property=\"og:title\" content=\"La Pi\u00f1ol: Educaci\u00f3n y Ocio Innovador\" \/>\n<meta property=\"og:description\" content=\"Descubre La Pi\u00f1ol, donde transformamos el aprendizaje con casales de verano, talleres de agilidad mental y m\u00e1s, fomentando el bienestar emocional y la diversidad.\" \/>\n<meta property=\"og:url\" content=\"https:\/\/lapinyol.com\/es\/servicios\/\" \/>\n<meta property=\"og:site_name\" content=\"La Pi\u00f1ol\" \/>\n<meta property=\"article:modified_time\" content=\"2025-05-20T04:06:27+00:00\" \/>\n<meta name=\"twitter:card\" content=\"summary_large_image\" \/>\n<!-- \/ Yoast SEO plugin. -->","yoast_head_json":{"title":"La Pi\u00f1ol: Educaci\u00f3n y Ocio Innovador","description":"Descubre La Pi\u00f1ol, donde transformamos el aprendizaje con casales de verano, talleres de agilidad mental y m\u00e1s, fomentando el bienestar emocional y la diversidad.","robots":{"index":"noindex","follow":"follow","max-snippet":"max-snippet:-1","max-image-preview":"max-image-preview:large","max-video-preview":"max-video-preview:-1"},"og_locale":"es_ES","og_type":"article","og_title":"La Pi\u00f1ol: Educaci\u00f3n y Ocio Innovador","og_description":"Descubre La Pi\u00f1ol, donde transformamos el aprendizaje con casales de verano, talleres de agilidad mental y m\u00e1s, fomentando el bienestar emocional y la diversidad.","og_url":"https:\/\/lapinyol.com\/es\/servicios\/","og_site_name":"La Pi\u00f1ol","article_modified_time":"2025-05-20T04:06:27+00:00","twitter_card":"summary_large_image","schema":{"@context":"https:\/\/schema.org","@graph":[{"@type":"WebPage","@id":"https:\/\/lapinyol.com\/es\/servicios\/","url":"https:\/\/lapinyol.com\/es\/servicios\/","name":"La Pi\u00f1ol: Educaci\u00f3n y Ocio Innovador","isPartOf":{"@id":"https:\/\/lapinyol.com\/es\/#website"},"datePublished":"2025-02-06T06:12:15+00:00","dateModified":"2025-05-20T04:06:27+00:00","description":"Descubre La Pi\u00f1ol, donde transformamos el aprendizaje con casales de verano, talleres de agilidad mental y m\u00e1s, fomentando el bienestar emocional y la diversidad.","breadcrumb":{"@id":"https:\/\/lapinyol.com\/es\/servicios\/#breadcrumb"},"inLanguage":"es","potentialAction":[{"@type":"ReadAction","target":["https:\/\/lapinyol.com\/es\/servicios\/"]}]},{"@type":"BreadcrumbList","@id":"https:\/\/lapinyol.com\/es\/servicios\/#breadcrumb","itemListElement":[{"@type":"ListItem","position":1,"name":"Portada","item":"https:\/\/lapinyol.com\/es\/"},{"@type":"ListItem","position":2,"name":"Servicios"}]},{"@type":"WebSite","@id":"https:\/\/lapinyol.com\/es\/#website","url":"https:\/\/lapinyol.com\/es\/","name":"La Pi\u00f1ol","description":"","publisher":{"@id":"https:\/\/lapinyol.com\/es\/#organization"},"potentialAction":[{"@type":"SearchAction","target":{"@type":"EntryPoint","urlTemplate":"https:\/\/lapinyol.com\/es\/?s={search_term_string}"},"query-input":{"@type":"PropertyValueSpecification","valueRequired":true,"valueName":"search_term_string"}}],"inLanguage":"es"},{"@type":"Organization","@id":"https:\/\/lapinyol.com\/es\/#organization","name":"La Pi\u00f1ol","url":"https:\/\/lapinyol.com\/es\/","logo":{"@type":"ImageObject","inLanguage":"es","@id":"https:\/\/lapinyol.com\/es\/#\/schema\/logo\/image\/","url":"https:\/\/lapinyol.com\/wp-content\/uploads\/2025\/02\/67a3c96bded60_Logotip__La_Pinol-removebg-preview-e1738836217267.png","contentUrl":"https:\/\/lapinyol.com\/wp-content\/uploads\/2025\/02\/67a3c96bded60_Logotip__La_Pinol-removebg-preview-e1738836217267.png","width":325,"height":280,"caption":"La Pi\u00f1ol"},"image":{"@id":"https:\/\/lapinyol.com\/es\/#\/schema\/logo\/image\/"}}]}},"_links":{"self":[{"href":"https:\/\/lapinyol.com\/es\/wp-json\/wp\/v2\/pages\/285","targetHints":{"allow":["GET"]}}],"collection":[{"href":"https:\/\/lapinyol.com\/es\/wp-json\/wp\/v2\/pages"}],"about":[{"href":"https:\/\/lapinyol.com\/es\/wp-json\/wp\/v2\/types\/page"}],"author":[{"embeddable":true,"href":"https:\/\/lapinyol.com\/es\/wp-json\/wp\/v2\/users\/1"}],"replies":[{"embeddable":true,"href":"https:\/\/lapinyol.com\/es\/wp-json\/wp\/v2\/comments?post=285"}],"version-history":[{"count":6,"href":"https:\/\/lapinyol.com\/es\/wp-json\/wp\/v2\/pages\/285\/revisions"}],"predecessor-version":[{"id":1074,"href":"https:\/\/lapinyol.com\/es\/wp-json\/wp\/v2\/pages\/285\/revisions\/1074"}],"wp:attachment":[{"href":"https:\/\/lapinyol.com\/es\/wp-json\/wp\/v2\/media?parent=285"}],"curies":[{"name":"wp","href":"https:\/\/api.w.org\/{rel}","templated":true}]}}